{"id":2235,"date":"2021-01-20T13:44:10","date_gmt":"2021-01-20T19:44:10","guid":{"rendered":"http:\/\/valegal.com.mx\/eng\/?page_id=2235"},"modified":"2021-01-20T13:44:10","modified_gmt":"2021-01-20T19:44:10","slug":"ing-armando-briones-rodriguez","status":"publish","type":"page","link":"http:\/\/valegal.com.mx\/eng\/nuestra-gente\/area-social\/ing-armando-briones-rodriguez\/","title":{"rendered":"Ing. Armando Briones Rodr\u00edguez"},"content":{"rendered":"<p>[et_pb_section bb_built=&#8221;1&#8243;][et_pb_row][et_pb_column type=&#8221;4_4&#8243;][et_pb_text _builder_version=&#8221;3.19.14&#8243;]<\/p>\n<h1><span style=\"color: #86a42a;\">Ing. Armando Briones Rodr\u00edguez<\/span><\/h1>\n<p>Environmental Engineer graduated from the Universidad Aut\u00f3noma Metropolitana and is an expert in Soil Quality Management by the Colegio de Ingenieros Ambientales de M\u00e9xico A.C.<\/p>\n<p style=\"text-align: justify;\"><strong>Experience<\/strong><br \/>He has more than 20 years of experience in the area of Environmental Consulting for projects in the public and private sector where he has conducted the management and execution of environmental studies such as: environmental audits, characterization and restoration of contaminated sites, environmental impact studies , environmental compliance evaluations (Phase I and Phase II), air quality studies, waste management plans, studies for the valuation of environmental liabilities and studies for the change of land use in forest lands.<\/p>\n<p><span style=\"color: #86a42a;\"><strong>abriones@valegal.com.mx<\/strong><\/span><\/p>\n<p>[\/et_pb_text][\/et_pb_column][\/et_pb_row][\/et_pb_section]<\/p>\n","protected":false},"excerpt":{"rendered":"<p>Ing. Armando Briones Rodr\u00edguezEnvironmental Engineer graduated from the Universidad Aut\u00f3noma Metropolitana and is an expert in Soil Quality Management by the Colegio de Ingenieros Ambientales de M\u00e9xico A.C.ExperienceHe has more than 20 years of experience in the area of Environmental Consulting for projects in the public and private sector where he has conducted the management [&hellip;]<\/p>\n","protected":false},"author":1,"featured_media":0,"parent":1436,"menu_order":0,"comment_status":"closed","ping_status":"closed","template":"","meta":{"_et_pb_use_builder":"on","_et_pb_old_content":"","_et_gb_content_width":""},"_links":{"self":[{"href":"http:\/\/valegal.com.mx\/eng\/wp-json\/wp\/v2\/pages\/2235"}],"collection":[{"href":"http:\/\/valegal.com.mx\/eng\/wp-json\/wp\/v2\/pages"}],"about":[{"href":"http:\/\/valegal.com.mx\/eng\/wp-json\/wp\/v2\/types\/page"}],"author":[{"embeddable":true,"href":"http:\/\/valegal.com.mx\/eng\/wp-json\/wp\/v2\/users\/1"}],"replies":[{"embeddable":true,"href":"http:\/\/valegal.com.mx\/eng\/wp-json\/wp\/v2\/comments?post=2235"}],"version-history":[{"count":2,"href":"http:\/\/valegal.com.mx\/eng\/wp-json\/wp\/v2\/pages\/2235\/revisions"}],"predecessor-version":[{"id":2237,"href":"http:\/\/valegal.com.mx\/eng\/wp-json\/wp\/v2\/pages\/2235\/revisions\/2237"}],"up":[{"embeddable":true,"href":"http:\/\/valegal.com.mx\/eng\/wp-json\/wp\/v2\/pages\/1436"}],"wp:attachment":[{"href":"http:\/\/valegal.com.mx\/eng\/wp-json\/wp\/v2\/media?parent=2235"}],"curies":[{"name":"wp","href":"https:\/\/api.w.org\/{rel}","templated":true}]}}