{"id":2246,"date":"2021-04-07T16:09:35","date_gmt":"2021-04-07T22:09:35","guid":{"rendered":"http:\/\/valegal.com.mx\/eng\/?page_id=2246"},"modified":"2021-04-08T14:40:45","modified_gmt":"2021-04-08T20:40:45","slug":"omar-jimenez-zarate","status":"publish","type":"page","link":"http:\/\/valegal.com.mx\/eng\/nuestra-gente\/abogados\/omar-jimenez-zarate\/","title":{"rendered":"Omar Jim\u00e9nez Z\u00e1rate"},"content":{"rendered":"<p>[et_pb_section bb_built=&#8221;1&#8243;][et_pb_row][et_pb_column type=&#8221;4_4&#8243;][et_pb_text _builder_version=&#8221;3.19.14&#8243;]<\/p>\n<h1><span style=\"color: #86a42a;\">Omar Jim\u00e9nez Z\u00e1rate<\/span><\/h1>\n<p>&nbsp;<\/p>\n<p>Student of the Faculty of Law, campus Ciudad Universitaria of the National Autonomous University of M\u00e9xico. Currently in eighth semester.<\/p>\n<p><strong>Experience<\/strong><br \/>\nHe has experience in Energy, Natural Gas and Electricity Sector. Likewise, in management of permits and fulfillment of obligations before the Energy Regulatory Commission (CRE).<\/p>\n<p><strong>Languages<\/strong><br \/>\nSpanish and English<\/p>\n<p><span style=\"color: #86a42a;\"><strong>ojimenez@valegal.com.mx<\/strong><\/span><\/p>\n<p>[\/et_pb_text][\/et_pb_column][\/et_pb_row][\/et_pb_section]<\/p>\n","protected":false},"excerpt":{"rendered":"<p>Omar Jim\u00e9nez Z\u00e1rate &nbsp; Student of the Faculty of Law, campus Ciudad Universitaria of the National Autonomous University of M\u00e9xico. Currently in eighth semester. Experience He has experience in Energy, Natural Gas and Electricity Sector. Likewise, in management of permits and fulfillment of obligations before the Energy Regulatory Commission (CRE). Languages Spanish and English ojimenez@valegal.com.mx<\/p>\n","protected":false},"author":1,"featured_media":0,"parent":1404,"menu_order":0,"comment_status":"closed","ping_status":"closed","template":"","meta":{"_et_pb_use_builder":"on","_et_pb_old_content":"","_et_gb_content_width":""},"_links":{"self":[{"href":"http:\/\/valegal.com.mx\/eng\/wp-json\/wp\/v2\/pages\/2246"}],"collection":[{"href":"http:\/\/valegal.com.mx\/eng\/wp-json\/wp\/v2\/pages"}],"about":[{"href":"http:\/\/valegal.com.mx\/eng\/wp-json\/wp\/v2\/types\/page"}],"author":[{"embeddable":true,"href":"http:\/\/valegal.com.mx\/eng\/wp-json\/wp\/v2\/users\/1"}],"replies":[{"embeddable":true,"href":"http:\/\/valegal.com.mx\/eng\/wp-json\/wp\/v2\/comments?post=2246"}],"version-history":[{"count":2,"href":"http:\/\/valegal.com.mx\/eng\/wp-json\/wp\/v2\/pages\/2246\/revisions"}],"predecessor-version":[{"id":2257,"href":"http:\/\/valegal.com.mx\/eng\/wp-json\/wp\/v2\/pages\/2246\/revisions\/2257"}],"up":[{"embeddable":true,"href":"http:\/\/valegal.com.mx\/eng\/wp-json\/wp\/v2\/pages\/1404"}],"wp:attachment":[{"href":"http:\/\/valegal.com.mx\/eng\/wp-json\/wp\/v2\/media?parent=2246"}],"curies":[{"name":"wp","href":"https:\/\/api.w.org\/{rel}","templated":true}]}}