{"id":648,"date":"2016-02-18T19:30:58","date_gmt":"2016-02-19T01:30:58","guid":{"rendered":"http:\/\/valegal.com.mx\/eng\/?page_id=648"},"modified":"2023-07-12T11:54:58","modified_gmt":"2023-07-12T17:54:58","slug":"nuestra-gente","status":"publish","type":"page","link":"https:\/\/valegal.com.mx\/eng\/nuestra-gente\/","title":{"rendered":"Team"},"content":{"rendered":"<p>[et_pb_section fb_built=&#8221;1&#8243; specialty=&#8221;on&#8221; _builder_version=&#8221;3.22&#8243;][et_pb_column type=&#8221;1_4&#8243; _builder_version=&#8221;3.25&#8243; custom_padding=&#8221;|||&#8221; custom_padding__hover=&#8221;|||&#8221;][et_pb_text _builder_version=&#8221;3.27.4&#8243; background_size=&#8221;initial&#8221; background_position=&#8221;top_left&#8221; background_repeat=&#8221;repeat&#8221; use_border_color=&#8221;off&#8221; border_color=&#8221;#ffffff&#8221; border_style=&#8221;solid&#8221;]<\/p>\n<h1><span style=\"color: #5f9044;\">Partners<\/span><\/h1>\n<p>[\/et_pb_text][\/et_pb_column][et_pb_column type=&#8221;3_4&#8243; specialty_columns=&#8221;3&#8243; _builder_version=&#8221;3.25&#8243; custom_padding=&#8221;|||&#8221; custom_padding__hover=&#8221;|||&#8221;][et_pb_row_inner admin_label=&#8221;Row&#8221; _builder_version=&#8221;3.25&#8243;][\/et_pb_row_inner][et_pb_row_inner column_structure=&#8221;1_3,1_3,1_3&#8243; admin_label=&#8221;Row&#8221; _builder_version=&#8221;3.25&#8243;][et_pb_column_inner type=&#8221;1_3&#8243; saved_specialty_column_type=&#8221;3_4&#8243; _builder_version=&#8221;3.25&#8243; custom_padding=&#8221;|||&#8221; custom_padding__hover=&#8221;|||&#8221;][et_pb_button button_url=&#8221;http:\/\/valegal.com.mx\/eng\/nuestra-gente\/abogados&#8221; button_text=&#8221;Legal Associates&#8221; button_alignment=&#8221;right&#8221; admin_label=&#8221;Legal Associates&#8221; _builder_version=&#8221;3.19.14&#8243; custom_button=&#8221;on&#8221; button_text_color=&#8221;#5f9044&#8243; button_letter_spacing_hover=&#8221;0&#8243; button_text_size__hover_enabled=&#8221;off&#8221; button_one_text_size__hover_enabled=&#8221;off&#8221; button_two_text_size__hover_enabled=&#8221;off&#8221; button_text_color__hover_enabled=&#8221;off&#8221; button_one_text_color__hover_enabled=&#8221;off&#8221; button_two_text_color__hover_enabled=&#8221;off&#8221; button_border_width__hover_enabled=&#8221;off&#8221; button_one_border_width__hover_enabled=&#8221;off&#8221; button_two_border_width__hover_enabled=&#8221;off&#8221; button_border_color__hover_enabled=&#8221;off&#8221; button_one_border_color__hover_enabled=&#8221;off&#8221; button_two_border_color__hover_enabled=&#8221;off&#8221; button_border_radius__hover_enabled=&#8221;off&#8221; button_one_border_radius__hover_enabled=&#8221;off&#8221; button_two_border_radius__hover_enabled=&#8221;off&#8221; button_letter_spacing__hover_enabled=&#8221;on&#8221; button_letter_spacing__hover=&#8221;0&#8243; button_one_letter_spacing__hover_enabled=&#8221;off&#8221; button_two_letter_spacing__hover_enabled=&#8221;off&#8221; button_bg_color__hover_enabled=&#8221;off&#8221; button_one_bg_color__hover_enabled=&#8221;off&#8221; button_two_bg_color__hover_enabled=&#8221;off&#8221;]<br \/>\n[\/et_pb_button][\/et_pb_column_inner][et_pb_column_inner type=&#8221;1_3&#8243; saved_specialty_column_type=&#8221;3_4&#8243; _builder_version=&#8221;3.25&#8243; custom_padding=&#8221;|||&#8221; custom_padding__hover=&#8221;|||&#8221;][et_pb_button button_url=&#8221;http:\/\/valegal.com.mx\/eng\/nuestra-gente\/area-tecnica\/&#8221; button_text=&#8221;Environmental and Social Technical Area&#8221; button_alignment=&#8221;right&#8221; admin_label=&#8221;Environmental and Social Technical Area&#8221; _builder_version=&#8221;3.19.14&#8243; custom_button=&#8221;on&#8221; button_text_color=&#8221;#5f9044&#8243; button_letter_spacing_hover=&#8221;0&#8243; button_text_size__hover_enabled=&#8221;off&#8221; button_one_text_size__hover_enabled=&#8221;off&#8221; button_two_text_size__hover_enabled=&#8221;off&#8221; button_text_color__hover_enabled=&#8221;off&#8221; button_one_text_color__hover_enabled=&#8221;off&#8221; button_two_text_color__hover_enabled=&#8221;off&#8221; button_border_width__hover_enabled=&#8221;off&#8221; button_one_border_width__hover_enabled=&#8221;off&#8221; button_two_border_width__hover_enabled=&#8221;off&#8221; button_border_color__hover_enabled=&#8221;off&#8221; button_one_border_color__hover_enabled=&#8221;off&#8221; button_two_border_color__hover_enabled=&#8221;off&#8221; button_border_radius__hover_enabled=&#8221;off&#8221; button_one_border_radius__hover_enabled=&#8221;off&#8221; button_two_border_radius__hover_enabled=&#8221;off&#8221; button_letter_spacing__hover_enabled=&#8221;on&#8221; button_letter_spacing__hover=&#8221;0&#8243; button_one_letter_spacing__hover_enabled=&#8221;off&#8221; button_two_letter_spacing__hover_enabled=&#8221;off&#8221; button_bg_color__hover_enabled=&#8221;off&#8221; button_one_bg_color__hover_enabled=&#8221;off&#8221; button_two_bg_color__hover_enabled=&#8221;off&#8221;]<br \/>\n[\/et_pb_button][\/et_pb_column_inner][et_pb_column_inner type=&#8221;1_3&#8243; saved_specialty_column_type=&#8221;3_4&#8243; _builder_version=&#8221;3.25&#8243; custom_padding=&#8221;|||&#8221; custom_padding__hover=&#8221;|||&#8221;][et_pb_button button_url=&#8221;http:\/\/valegal.com.mx\/eng\/nuestra-gente\/area-social\/&#8221; button_text=&#8221;Technical Coordinator &#8221; button_alignment=&#8221;right&#8221; admin_label=&#8221;Technical Coordinator &#8221; _builder_version=&#8221;3.19.14&#8243; custom_button=&#8221;on&#8221; button_text_color=&#8221;#5f9044&#8243; button_letter_spacing_hover=&#8221;0&#8243; button_text_size__hover_enabled=&#8221;off&#8221; button_one_text_size__hover_enabled=&#8221;off&#8221; button_two_text_size__hover_enabled=&#8221;off&#8221; button_text_color__hover_enabled=&#8221;off&#8221; button_one_text_color__hover_enabled=&#8221;off&#8221; button_two_text_color__hover_enabled=&#8221;off&#8221; button_border_width__hover_enabled=&#8221;off&#8221; button_one_border_width__hover_enabled=&#8221;off&#8221; button_two_border_width__hover_enabled=&#8221;off&#8221; button_border_color__hover_enabled=&#8221;off&#8221; button_one_border_color__hover_enabled=&#8221;off&#8221; button_two_border_color__hover_enabled=&#8221;off&#8221; button_border_radius__hover_enabled=&#8221;off&#8221; button_one_border_radius__hover_enabled=&#8221;off&#8221; button_two_border_radius__hover_enabled=&#8221;off&#8221; button_letter_spacing__hover_enabled=&#8221;on&#8221; button_letter_spacing__hover=&#8221;0&#8243; button_one_letter_spacing__hover_enabled=&#8221;off&#8221; button_two_letter_spacing__hover_enabled=&#8221;off&#8221; button_bg_color__hover_enabled=&#8221;off&#8221; button_one_bg_color__hover_enabled=&#8221;off&#8221; button_two_bg_color__hover_enabled=&#8221;off&#8221;]<br \/>\n[\/et_pb_button][\/et_pb_column_inner][\/et_pb_row_inner][\/et_pb_column][\/et_pb_section][et_pb_section fb_built=&#8221;1&#8243; _builder_version=&#8221;3.22&#8243;][et_pb_row column_structure=&#8221;1_4,1_4,1_4,1_4&#8243; _builder_version=&#8221;3.25&#8243; background_size=&#8221;initial&#8221; background_position=&#8221;top_left&#8221; background_repeat=&#8221;repeat&#8221;][et_pb_column type=&#8221;1_4&#8243; _builder_version=&#8221;3.25&#8243; custom_padding=&#8221;|||&#8221; custom_padding__hover=&#8221;|||&#8221;][et_pb_team_member name=&#8221;Ph. D. Luis Reynaldo Vera Morales.&#8221; position=&#8221;Partner&#8221; icon_color=&#8221;#5f9044&#8243; admin_label=&#8221;Ph. D. Luis Reynaldo Vera Morales.&#8221; _builder_version=&#8221;3.19.14&#8243; background_size=&#8221;initial&#8221; background_position=&#8221;top_left&#8221; background_repeat=&#8221;repeat&#8221; use_border_color=&#8221;off&#8221;]<\/p>\n<p style=\"text-align: justify;\">Luis Vera Morales.<strong>\u00a0 <\/strong>A pioneer in Mexican Environmental law and practice, V&amp;A founding partner. Luis Vera received his law degree from the Escuela Libre de Derecho (ELD) in Mexico City.\u00a0\u00a0 The Universidad Panamericana (UP) awarded him a post-graduate certificate in Economic and Corporate Law.\u00a0 As a Fulbright\u00a0 Scholar and Ford MacArthur Scholar, he studied at Tulane University in New Orleans, LA, culminating in a Master of Laws degree with honors in Environmental and Energy Law.<\/p>\n<p style=\"text-align: right;\"><span style=\"color: #86a42a;\"><a style=\"color: #86a42a;\" href=\"http:\/\/valegal.com.mx\/eng\/ph-d-luis-reynaldo-vera\/\">CV Completo<\/a><\/span><\/p>\n<p>[\/et_pb_team_member][\/et_pb_column][et_pb_column type=&#8221;1_4&#8243; _builder_version=&#8221;3.25&#8243; custom_padding=&#8221;|||&#8221; custom_padding__hover=&#8221;|||&#8221;][et_pb_team_member name=&#8221;Mtra. Mar\u00eda Cristina Hern\u00e1ndez&#8221; position=&#8221;Partner&#8221; icon_color=&#8221;#5f9044&#8243; admin_label=&#8221;Mtra. Mar\u00eda Cristina Hern\u00e1ndez&#8221; _builder_version=&#8221;3.19.14&#8243; background_size=&#8221;initial&#8221; background_position=&#8221;top_left&#8221; background_repeat=&#8221;repeat&#8221; use_border_color=&#8221;off&#8221;]<\/p>\n<p style=\"text-align: justify;\"><span class=\"JLqJ4b ChMk0b\" data-language-for-alternatives=\"en\" data-language-to-translate-into=\"es\" data-phrase-index=\"0\">Graduated in Law from the Law School of the National Bar Association, as a collaborator of the British Embassy in Mexico, she studied a course given by the Ministry of Foreign Affairs of the United Kingdom entitled: &#8220;Programming and Management of Projects in the Political Context&#8221;<\/span> <span class=\"JLqJ4b ChMk0b\" data-language-for-alternatives=\"en\" data-language-to-translate-into=\"es\" data-phrase-index=\"1\">, in London.<\/span> <span class=\"JLqJ4b ChMk0b\" data-language-for-alternatives=\"en\" data-language-to-translate-into=\"es\" data-phrase-index=\"2\">He has a diploma in International Environmental Law issued by the United Nations Institute for Training and Research (UNITAR, for its acronym in English) in Geneva, Switzerland and a diploma on Social Impact Assessment and Consultation by the Latin American Faculty of Sciences<\/span> <span class=\"JLqJ4b ChMk0b\" data-language-for-alternatives=\"en\" data-language-to-translate-into=\"es\" data-phrase-index=\"3\">Social (FLACSO).<\/span>\u00a0<\/p>\n<p style=\"text-align: right;\"><span style=\"color: #86a42a;\"><a style=\"color: #86a42a;\" href=\"http:\/\/valegal.com.mx\/eng\/nuestra-gente\/Mtra-Maria-Cristina-Hernandez\/\">CV Completo<\/a><\/span><\/p>\n<p>[\/et_pb_team_member][\/et_pb_column][et_pb_column type=&#8221;1_4&#8243; _builder_version=&#8221;3.25&#8243; custom_padding=&#8221;|||&#8221; custom_padding__hover=&#8221;|||&#8221;][et_pb_team_member name=&#8221;Lic. Genaro Garc\u00eda&#8221; position=&#8221;Partner&#8221; icon_color=&#8221;#5f9044&#8243; admin_label=&#8221;Lic. Genaro Garc\u00eda&#8221; _builder_version=&#8221;3.19.14&#8243; background_size=&#8221;initial&#8221; background_position=&#8221;top_left&#8221; background_repeat=&#8221;repeat&#8221; use_border_color=&#8221;off&#8221;][\/et_pb_team_member][\/et_pb_column][et_pb_column type=&#8221;1_4&#8243; _builder_version=&#8221;3.25&#8243; custom_padding=&#8221;|||&#8221; custom_padding__hover=&#8221;|||&#8221;][\/et_pb_column][\/et_pb_row][\/et_pb_section]<\/p>\n","protected":false},"excerpt":{"rendered":"<p>Partners Legal Associates Environmental and Social Technical Area Technical Coordinator Ph. D. Luis Reynaldo Vera Morales. Partner Luis Vera Morales.\u00a0 A pioneer in Mexican Environmental law and practice, V&amp;A founding partner. Luis Vera received his law degree from the Escuela Libre de Derecho (ELD) in Mexico City.\u00a0\u00a0 The Universidad Panamericana (UP) awarded him a post-graduate [&hellip;]<\/p>\n","protected":false},"author":1,"featured_media":0,"parent":0,"menu_order":0,"comment_status":"closed","ping_status":"closed","template":"","meta":{"_et_pb_use_builder":"on","_et_pb_old_content":"","_et_gb_content_width":""},"_links":{"self":[{"href":"https:\/\/valegal.com.mx\/eng\/wp-json\/wp\/v2\/pages\/648"}],"collection":[{"href":"https:\/\/valegal.com.mx\/eng\/wp-json\/wp\/v2\/pages"}],"about":[{"href":"https:\/\/valegal.com.mx\/eng\/wp-json\/wp\/v2\/types\/page"}],"author":[{"embeddable":true,"href":"https:\/\/valegal.com.mx\/eng\/wp-json\/wp\/v2\/users\/1"}],"replies":[{"embeddable":true,"href":"https:\/\/valegal.com.mx\/eng\/wp-json\/wp\/v2\/comments?post=648"}],"version-history":[{"count":118,"href":"https:\/\/valegal.com.mx\/eng\/wp-json\/wp\/v2\/pages\/648\/revisions"}],"predecessor-version":[{"id":2273,"href":"https:\/\/valegal.com.mx\/eng\/wp-json\/wp\/v2\/pages\/648\/revisions\/2273"}],"wp:attachment":[{"href":"https:\/\/valegal.com.mx\/eng\/wp-json\/wp\/v2\/media?parent=648"}],"curies":[{"name":"wp","href":"https:\/\/api.w.org\/{rel}","templated":true}]}}